{"id":2399,"date":"2025-05-16T13:54:02","date_gmt":"2025-05-16T10:54:02","guid":{"rendered":"https:\/\/sintijaauto.lv\/store\/?page_id=2399"},"modified":"2025-06-02T15:56:29","modified_gmt":"2025-06-02T12:56:29","slug":"galvena","status":"publish","type":"page","link":"https:\/\/sintijaauto.lv\/store\/","title":{"rendered":"Galven\u0101"},"content":{"rendered":"<h1>AUTO SERVISS ar 25+ gadu pieredzi<\/h1>\n<h1>Sintija Auto e-veikal\u0101 j\u016bs varat pas\u016bt\u012bt da\u017eus no produktiem, ko m\u0113s izmantojam m\u016bsu autoservis\u0101.<\/h1>\n<div>\n<p>        <img decoding=\"async\" src=\"\/store\/wp-content\/uploads\/2025\/05\/image5.png\" alt=\"\"><\/p>\n<\/div>\n<p><!--more--><br \/>\n<!-- {\"type\":\"layout\",\"children\":[{\"type\":\"section\",\"props\":{\"height\":\"pixels\",\"height_viewport\":300,\"image_position\":\"center-center\",\"style\":\"default\",\"title_breakpoint\":\"xl\",\"title_position\":\"top-left\",\"title_rotation\":\"left\",\"vertical_align\":\"middle\",\"video\":\"wp-content\\\/uploads\\\/2025\\\/05\\\/car1.mp4\",\"width\":\"default\"},\"children\":[{\"type\":\"row\",\"children\":[{\"type\":\"column\",\"props\":{\"image_position\":\"center-center\",\"position_sticky_breakpoint\":\"m\"},\"children\":[{\"type\":\"headline\",\"props\":{\"content\":\"AUTO SERVISS ar 25+ gadu pieredzi\",\"title_color\":\"danger\",\"title_decoration\":\"divider\",\"title_element\":\"h1\",\"title_font_family\":\"tertiary\",\"title_style\":\"heading-small\"}}]}]}]},{\"type\":\"section\",\"props\":{\"image_position\":\"center-center\",\"style\":\"default\",\"title_breakpoint\":\"xl\",\"title_position\":\"top-left\",\"title_rotation\":\"left\",\"vertical_align\":\"middle\",\"width\":\"default\"},\"children\":[{\"type\":\"row\",\"children\":[{\"type\":\"column\",\"props\":{\"image_position\":\"center-center\",\"position_sticky_breakpoint\":\"m\"},\"children\":[{\"type\":\"headline\",\"props\":{\"content\":\"Sintija Auto e-veikal\\u0101 j\\u016bs varat pas\\u016bt\\u012bt da\\u017eus no produktiem, ko m\\u0113s izmantojam m\\u016bsu autoservis\\u0101.\",\"text_align\":\"center\",\"title_color\":\"muted\",\"title_decoration\":\"divider\",\"title_element\":\"h1\",\"title_font_family\":\"tertiary\"}},{\"type\":\"panel\",\"props\":{\"content_column_breakpoint\":\"m\",\"icon_width\":80,\"image\":\"wp-content\\\/uploads\\\/2025\\\/05\\\/image5.png\",\"image_align\":\"top\",\"image_grid_breakpoint\":\"m\",\"image_grid_width\":\"1-2\",\"image_svg_color\":\"emphasis\",\"link_style\":\"default\",\"link_text\":\"Read more\",\"margin\":\"default\",\"meta_align\":\"below-title\",\"meta_element\":\"div\",\"meta_style\":\"text-meta\",\"text_align\":\"center\",\"title_align\":\"top\",\"title_element\":\"h3\",\"title_grid_breakpoint\":\"m\",\"title_grid_width\":\"1-2\",\"title_hover_style\":\"reset\"}},{\"type\":\"woo_products\",\"props\":{\"cat_operator\":\"IN\",\"columns\":4,\"limit\":8,\"order\":\"desc\",\"orderby\":\"date\",\"paginate\":\"false\",\"product_visibility\":\"visible\",\"show_count\":true,\"show_ordering\":true,\"show_rating\":true,\"show_title\":true,\"tag_operator\":\"IN\",\"terms_operator\":\"IN\",\"type\":\"products\"}}]}]}]}],\"version\":\"4.5.15\"} --><\/p>\n","protected":false},"excerpt":{"rendered":"<p>AUTO SERVISS ar 25+ gadu pieredzi Sintija Auto e-veikal\u0101 j\u016bs varat pas\u016bt\u012bt da\u017eus no produktiem, ko m\u0113s izmantojam m\u016bsu autoservis\u0101.<\/p>\n","protected":false},"author":1,"featured_media":0,"parent":0,"menu_order":0,"comment_status":"closed","ping_status":"closed","template":"","meta":{"_acf_changed":false,"footnotes":""},"class_list":["post-2399","page","type-page","status-publish","hentry"],"acf":[],"_links":{"self":[{"href":"https:\/\/sintijaauto.lv\/store\/wp-json\/wp\/v2\/pages\/2399","targetHints":{"allow":["GET"]}}],"collection":[{"href":"https:\/\/sintijaauto.lv\/store\/wp-json\/wp\/v2\/pages"}],"about":[{"href":"https:\/\/sintijaauto.lv\/store\/wp-json\/wp\/v2\/types\/page"}],"author":[{"embeddable":true,"href":"https:\/\/sintijaauto.lv\/store\/wp-json\/wp\/v2\/users\/1"}],"replies":[{"embeddable":true,"href":"https:\/\/sintijaauto.lv\/store\/wp-json\/wp\/v2\/comments?post=2399"}],"version-history":[{"count":5,"href":"https:\/\/sintijaauto.lv\/store\/wp-json\/wp\/v2\/pages\/2399\/revisions"}],"predecessor-version":[{"id":2461,"href":"https:\/\/sintijaauto.lv\/store\/wp-json\/wp\/v2\/pages\/2399\/revisions\/2461"}],"wp:attachment":[{"href":"https:\/\/sintijaauto.lv\/store\/wp-json\/wp\/v2\/media?parent=2399"}],"curies":[{"name":"wp","href":"https:\/\/api.w.org\/{rel}","templated":true}]}}