{"id":2431,"date":"2025-05-16T17:12:25","date_gmt":"2025-05-16T14:12:25","guid":{"rendered":"https:\/\/sintijaauto.lv\/store\/?post_type=product&#038;p=2431"},"modified":"2025-09-21T13:58:33","modified_gmt":"2025-09-21T10:58:33","slug":"mercasol-1-600ml","status":"publish","type":"product","link":"https:\/\/sintijaauto.lv\/store\/prece\/mercasol-1-600ml\/","title":{"rendered":"Mercasol 1 600ml"},"content":{"rendered":"<div class=\"el-content uk-panel\">\n<p><strong>Mercasol 1<\/strong>: Ilgsto\u0161a aizsardz\u012bba pret koroziju automa\u0161\u012bnu dobumos, atloka savienojumos un \u0161uv\u0113s. Veido iztur\u012bgu, mitrumu atgr\u016bdo\u0161u sl\u0101ni, kas nodro\u0161ina ilgsto\u0161u aizsardz\u012bbu pret koroziju.<\/p>\n<\/div>\n","protected":false},"excerpt":{"rendered":"<p>Mercasol 1: Ilgsto\u0161a aizsardz\u012bba pret koroziju automa\u0161\u012bnu dobumos, atloka savienojumos un \u0161uv\u0113s. Veido iztur\u012bgu, mitrumu atgr\u016bdo\u0161u sl\u0101ni, kas nodro\u0161ina ilgsto\u0161u aizsardz\u012bbu pret koroziju.<\/p>\n","protected":false},"featured_media":2434,"comment_status":"open","ping_status":"closed","template":"","meta":{"_acf_changed":false},"product_brand":[],"product_cat":[157],"product_tag":[],"class_list":{"0":"post-2431","1":"product","2":"type-product","3":"status-publish","4":"has-post-thumbnail","6":"product_cat-mercasol-lidzekli","8":"first","9":"instock","10":"sale","11":"featured","12":"taxable","13":"shipping-taxable","14":"purchasable","15":"product-type-simple"},"acf":[],"_links":{"self":[{"href":"https:\/\/sintijaauto.lv\/store\/wp-json\/wp\/v2\/product\/2431","targetHints":{"allow":["GET"]}}],"collection":[{"href":"https:\/\/sintijaauto.lv\/store\/wp-json\/wp\/v2\/product"}],"about":[{"href":"https:\/\/sintijaauto.lv\/store\/wp-json\/wp\/v2\/types\/product"}],"replies":[{"embeddable":true,"href":"https:\/\/sintijaauto.lv\/store\/wp-json\/wp\/v2\/comments?post=2431"}],"wp:featuredmedia":[{"embeddable":true,"href":"https:\/\/sintijaauto.lv\/store\/wp-json\/wp\/v2\/media\/2434"}],"wp:attachment":[{"href":"https:\/\/sintijaauto.lv\/store\/wp-json\/wp\/v2\/media?parent=2431"}],"wp:term":[{"taxonomy":"product_brand","embeddable":true,"href":"https:\/\/sintijaauto.lv\/store\/wp-json\/wp\/v2\/product_brand?post=2431"},{"taxonomy":"product_cat","embeddable":true,"href":"https:\/\/sintijaauto.lv\/store\/wp-json\/wp\/v2\/product_cat?post=2431"},{"taxonomy":"product_tag","embeddable":true,"href":"https:\/\/sintijaauto.lv\/store\/wp-json\/wp\/v2\/product_tag?post=2431"}],"curies":[{"name":"wp","href":"https:\/\/api.w.org\/{rel}","templated":true}]}}