{"id":2444,"date":"2025-05-20T13:35:01","date_gmt":"2025-05-20T10:35:01","guid":{"rendered":"https:\/\/sintijaauto.lv\/store\/?post_type=product&#038;p=2444"},"modified":"2025-05-20T13:40:56","modified_gmt":"2025-05-20T10:40:56","slug":"mercasol-3-al-1l","status":"publish","type":"product","link":"https:\/\/sintijaauto.lv\/store\/prece\/mercasol-3-al-1l\/","title":{"rendered":"Mercasol 3 AL 1L"},"content":{"rendered":"<div class=\"el-content uk-panel\">\n<div class=\"el-content uk-panel\">\n<p><strong>Mercasol 3 &amp; 3 AL<\/strong>: \u0160\u0137\u012bdin\u0101t\u0101ju b\u0101zes pretkorozijas aizsardz\u012bbas l\u012bdzek\u013ci automa\u0161\u012bnu apak\u0161ai, kas veidoti no bitumena un vaska ilgsto\u0161ai iztur\u012bbai. Nodro\u0161ina lielisku aizsardz\u012bbu pret koroziju, akme\u0146u ietekmi un nodilumu.<\/p>\n<\/div>\n<\/div>\n","protected":false},"excerpt":{"rendered":"<p>Mercasol 3 &amp; 3 AL: \u0160\u0137\u012bdin\u0101t\u0101ju b\u0101zes pretkorozijas aizsardz\u012bbas l\u012bdzek\u013ci automa\u0161\u012bnu apak\u0161ai, kas veidoti no bitumena un vaska ilgsto\u0161ai iztur\u012bbai. Nodro\u0161ina lielisku aizsardz\u012bbu pret koroziju, akme\u0146u ietekmi un nodilumu.<\/p>\n","protected":false},"featured_media":2445,"comment_status":"open","ping_status":"closed","template":"","meta":{"_acf_changed":false},"product_brand":[],"product_cat":[157],"product_tag":[],"class_list":{"0":"post-2444","1":"product","2":"type-product","3":"status-publish","4":"has-post-thumbnail","6":"product_cat-mercasol-lidzekli","8":"first","9":"instock","10":"featured","11":"taxable","12":"shipping-taxable","13":"purchasable","14":"product-type-simple"},"acf":[],"_links":{"self":[{"href":"https:\/\/sintijaauto.lv\/store\/wp-json\/wp\/v2\/product\/2444","targetHints":{"allow":["GET"]}}],"collection":[{"href":"https:\/\/sintijaauto.lv\/store\/wp-json\/wp\/v2\/product"}],"about":[{"href":"https:\/\/sintijaauto.lv\/store\/wp-json\/wp\/v2\/types\/product"}],"replies":[{"embeddable":true,"href":"https:\/\/sintijaauto.lv\/store\/wp-json\/wp\/v2\/comments?post=2444"}],"wp:featuredmedia":[{"embeddable":true,"href":"https:\/\/sintijaauto.lv\/store\/wp-json\/wp\/v2\/media\/2445"}],"wp:attachment":[{"href":"https:\/\/sintijaauto.lv\/store\/wp-json\/wp\/v2\/media?parent=2444"}],"wp:term":[{"taxonomy":"product_brand","embeddable":true,"href":"https:\/\/sintijaauto.lv\/store\/wp-json\/wp\/v2\/product_brand?post=2444"},{"taxonomy":"product_cat","embeddable":true,"href":"https:\/\/sintijaauto.lv\/store\/wp-json\/wp\/v2\/product_cat?post=2444"},{"taxonomy":"product_tag","embeddable":true,"href":"https:\/\/sintijaauto.lv\/store\/wp-json\/wp\/v2\/product_tag?post=2444"}],"curies":[{"name":"wp","href":"https:\/\/api.w.org\/{rel}","templated":true}]}}