{"id":2450,"date":"2025-05-20T13:45:30","date_gmt":"2025-05-20T10:45:30","guid":{"rendered":"https:\/\/sintijaauto.lv\/store\/?post_type=product&#038;p=2450"},"modified":"2025-05-20T13:47:51","modified_gmt":"2025-05-20T10:47:51","slug":"mercasol-9-1l","status":"publish","type":"product","link":"https:\/\/sintijaauto.lv\/store\/prece\/mercasol-9-1l\/","title":{"rendered":"Mercasol 9 1L"},"content":{"rendered":"<div class=\"el-content uk-panel\">\n<div class=\"el-content uk-panel\">\n<div class=\"el-content uk-panel\">\n<p><strong>Mercasol 9:<\/strong> Ir speci\u0101ls, neiz\u017e\u016bsto\u0161s pretkorozijas p\u0101rkl\u0101jums ar ar akt\u012bvaj\u0101m sast\u0101vda\u013c\u0101m, kas pal\u0113nina r\u016bsas att\u012bst\u012bbu. Paredz\u0113ts virsm\u0101m ar nelielu r\u016bsas daudzumu, kur nav iesp\u0113jams veikt smil\u0161u str\u016bklo\u0161anu.<\/p>\n<\/div>\n<\/div>\n<\/div>\n","protected":false},"excerpt":{"rendered":"<p>Mercasol 9: Ir speci\u0101ls, neiz\u017e\u016bsto\u0161s pretkorozijas p\u0101rkl\u0101jums ar ar akt\u012bvaj\u0101m sast\u0101vda\u013c\u0101m, kas pal\u0113nina r\u016bsas att\u012bst\u012bbu. Paredz\u0113ts virsm\u0101m ar nelielu r\u016bsas daudzumu, kur nav iesp\u0113jams veikt smil\u0161u str\u016bklo\u0161anu.<\/p>\n","protected":false},"featured_media":2451,"comment_status":"open","ping_status":"closed","template":"","meta":{"_acf_changed":false},"product_brand":[],"product_cat":[157],"product_tag":[],"class_list":{"0":"post-2450","1":"product","2":"type-product","3":"status-publish","4":"has-post-thumbnail","6":"product_cat-mercasol-lidzekli","8":"first","9":"instock","10":"featured","11":"taxable","12":"shipping-taxable","13":"purchasable","14":"product-type-simple"},"acf":[],"_links":{"self":[{"href":"https:\/\/sintijaauto.lv\/store\/wp-json\/wp\/v2\/product\/2450","targetHints":{"allow":["GET"]}}],"collection":[{"href":"https:\/\/sintijaauto.lv\/store\/wp-json\/wp\/v2\/product"}],"about":[{"href":"https:\/\/sintijaauto.lv\/store\/wp-json\/wp\/v2\/types\/product"}],"replies":[{"embeddable":true,"href":"https:\/\/sintijaauto.lv\/store\/wp-json\/wp\/v2\/comments?post=2450"}],"wp:featuredmedia":[{"embeddable":true,"href":"https:\/\/sintijaauto.lv\/store\/wp-json\/wp\/v2\/media\/2451"}],"wp:attachment":[{"href":"https:\/\/sintijaauto.lv\/store\/wp-json\/wp\/v2\/media?parent=2450"}],"wp:term":[{"taxonomy":"product_brand","embeddable":true,"href":"https:\/\/sintijaauto.lv\/store\/wp-json\/wp\/v2\/product_brand?post=2450"},{"taxonomy":"product_cat","embeddable":true,"href":"https:\/\/sintijaauto.lv\/store\/wp-json\/wp\/v2\/product_cat?post=2450"},{"taxonomy":"product_tag","embeddable":true,"href":"https:\/\/sintijaauto.lv\/store\/wp-json\/wp\/v2\/product_tag?post=2450"}],"curies":[{"name":"wp","href":"https:\/\/api.w.org\/{rel}","templated":true}]}}