{"id":31,"date":"2020-03-12T00:00:00","date_gmt":"2020-03-12T00:00:00","guid":{"rendered":"https:\/\/sintijaauto.lv\/store\/?p=31"},"modified":"2025-05-16T17:18:05","modified_gmt":"2025-05-16T14:18:05","slug":"mercasol-1-1l","status":"publish","type":"product","link":"https:\/\/sintijaauto.lv\/store\/prece\/mercasol-1-1l\/","title":{"rendered":"Mercasol 1 1L"},"content":{"rendered":"<div class=\"el-content uk-panel\">\n<p><strong>Mercasol 1<\/strong>: Ilgsto\u0161a aizsardz\u012bba pret koroziju automa\u0161\u012bnu dobumos, atloka savienojumos un \u0161uv\u0113s. Veido iztur\u012bgu, mitrumu atgr\u016bdo\u0161u sl\u0101ni, kas nodro\u0161ina ilgsto\u0161u aizsardz\u012bbu pret koroziju.<\/p>\n<\/div>\n","protected":false},"excerpt":{"rendered":"<p>Mercasol 1: Ilgsto\u0161a aizsardz\u012bba pret koroziju automa\u0161\u012bnu dobumos, atloka savienojumos un \u0161uv\u0113s. Veido iztur\u012bgu, mitrumu atgr\u016bdo\u0161u sl\u0101ni, kas nodro\u0161ina ilgsto\u0161u aizsardz\u012bbu pret koroziju.<\/p>\n","protected":false},"featured_media":2373,"comment_status":"open","ping_status":"closed","template":"","meta":{"_acf_changed":false},"product_brand":[],"product_cat":[157],"product_tag":[],"class_list":{"0":"post-31","1":"product","2":"type-product","3":"status-publish","4":"has-post-thumbnail","6":"product_cat-mercasol-lidzekli","8":"first","9":"instock","10":"sale","11":"featured","12":"taxable","13":"shipping-taxable","14":"purchasable","15":"product-type-simple"},"acf":[],"_links":{"self":[{"href":"https:\/\/sintijaauto.lv\/store\/wp-json\/wp\/v2\/product\/31","targetHints":{"allow":["GET"]}}],"collection":[{"href":"https:\/\/sintijaauto.lv\/store\/wp-json\/wp\/v2\/product"}],"about":[{"href":"https:\/\/sintijaauto.lv\/store\/wp-json\/wp\/v2\/types\/product"}],"replies":[{"embeddable":true,"href":"https:\/\/sintijaauto.lv\/store\/wp-json\/wp\/v2\/comments?post=31"}],"wp:featuredmedia":[{"embeddable":true,"href":"https:\/\/sintijaauto.lv\/store\/wp-json\/wp\/v2\/media\/2373"}],"wp:attachment":[{"href":"https:\/\/sintijaauto.lv\/store\/wp-json\/wp\/v2\/media?parent=31"}],"wp:term":[{"taxonomy":"product_brand","embeddable":true,"href":"https:\/\/sintijaauto.lv\/store\/wp-json\/wp\/v2\/product_brand?post=31"},{"taxonomy":"product_cat","embeddable":true,"href":"https:\/\/sintijaauto.lv\/store\/wp-json\/wp\/v2\/product_cat?post=31"},{"taxonomy":"product_tag","embeddable":true,"href":"https:\/\/sintijaauto.lv\/store\/wp-json\/wp\/v2\/product_tag?post=31"}],"curies":[{"name":"wp","href":"https:\/\/api.w.org\/{rel}","templated":true}]}}